{"id":2,"date":"2011-03-03T09:58:03","date_gmt":"2011-03-03T09:58:03","guid":{"rendered":"http:\/\/www.hman-projects.de\/?page_id=2"},"modified":"2025-03-13T21:59:17","modified_gmt":"2025-03-13T20:59:17","slug":"beispiel-seite","status":"publish","type":"page","link":"https:\/\/www.hman-projects.de\/?page_id=2","title":{"rendered":"Impressum und Datenschutz"},"content":{"rendered":"<div>\n<p>Das Copyright s\u00e4mtlicher Inhalte auf \u201cwww.hman-projects.de\u201d und &#8222;www.mail-heinemann&#8220; liegt \u2013 sofern nicht anders angegeben bei mir.<\/p>\n<p>Diese Webpages sind PRIVAT und der Inhalt sofern nicht anders angegeben als Jugendfrei klassifiziert.<\/p>\n<\/div>\n<div>\n<p>Abbildungen und Photos wurden f\u00fcr die Darstellung auf dieser Webpage zur Verf\u00fcgung gestellt, oder werden mit einem Hinweis zum Urheber angemerkt (z.B. bei Produktphotos).<br \/>\nEine Verwendung der Inhalte in elektronischen oder anderen Medien bedarf einer vorherigen schriftlicher Genehmigung.<br \/>\nKontaktadresse kann per email erbeten werden: eheinemann(at)nexgo.de, das (at) ist entsprechend zu ersetzen.<br \/>\nF\u00fcr alle hier erw\u00e4hnten Termine, Uhrzeiten, Veranstaltungsorte, Adressen, Kommunikationsnummer usw. gilt: Alle Angaben wurden nach bestem Wissen und Gewissen gemacht; eine Gew\u00e4hr f\u00fcr die Richtigkkeit kann ich jedoch nicht \u00fcbernehmen.<\/p>\n<p>Sollten Sie Kenntnis davon erhalten, dass eine oder mehrere hier enthaltenen Informationen unrichtig oder rechtswidrig sind, informieren Sie mich bitte per E-Mail.<\/p>\n<p>F\u00fcr s\u00e4mtliche auf \u201cwww.hman-projects.de\u201d und &#8222;www.mail-heinemann.de&#8220; enthaltene Links gilt: ich betone ausdr\u00fccklich, dass ich keinerlei Einfluss auf die Gestaltung und die Inhalte der verlinkten Seiten haben. Aus diesem Grunde distanziere ich mich hiermit nachdr\u00fccklich von allen Inhalten s\u00e4mtlicher verlinkten Seiten auf meiner Site.<br \/>\nDiese Erkl\u00e4rung gilt f\u00fcr alle auf dieser Site eingebundenen Links.<\/p>\n<p>Sollten Sie Kenntnis davon erhalten, dass einer oder mehrere dieser Links zu Seiten f\u00fchrt bzw. f\u00fchren, die illegale oder fragw\u00fcrdige Inhalte haben, informieren Sie mich bitte per E-Mail, und wir werden die Links entfernen.<\/p>\n<p><strong>Hinweis f\u00fcr Abmahner und Beh\u00f6rden: <\/strong><br \/>\nSofern Sie auf dieser Webseite Verst\u00f6sse gegen das TDG oder den MDStV oder wettbewerbsrechtliche oder \u00e4hnliche Probleme erkennen, bitte ich Sie mich zu kontaktieren. Es gen\u00fcgt eine Nachricht per E-Mail, um so etwas in Ordnung zu bringen. Unser Ziel ist grunds\u00e4tzlich die Vermeidung von Rechtsstreitigleiten, Abmahnungen und dergleichen. Die Kostennote einer anwaltlichen Abmahnung ohne vorhergehende Kontaktaufnahme mit dem Seitenbetreiber wird daher im Sinne der Schadensminderungspflicht als unbegr\u00fcndet zur\u00fcckgewiesen.<\/p>\n<\/div>\n<p><strong>Datenschutz<\/strong><\/p>\n<p>Es werden keine Daten erhoben, es gibt keine Anmeldeseite f\u00fcr einen Newsletter oder sonstige M\u00f6glichkeit sich hier f\u00fcr etwas anzumelden.<br \/>\nTechnisch sind keine Plugins wissentlich von dieser URL aktiviert, die eine Erhebung von Daten durchsetzen. Ich f\u00fchre auch keine Trafficanalyse durch.<br \/>\nGegebenenfalls vorhandene Verlinkungen zu Content und Medien von Youtube \/ Google erm\u00f6glichen es Google ein Usertracking durchzuf\u00fchren. Ich versuche dies zu vermeiden bzw. bei vorhandenen alten Beitr\u00e4gen zu korrigieren.<br \/>\nAuch die Verwendung von Google-Fonts, Google-Maps oder anderen Dateien auf einem Google-Content-Delivery-Server versuche ich zu vermeiden.<br \/>\nEs erfolgt keine Verarbeitung von Userdaten.<br \/>\nKommentarfunktionen werden vermieden.<\/p>\n<div>\n<p>Falls WordPress ein Coockie setzt, so ist dies rein technischer Natur und nicht mit dem Ziel eines externen Usertrackings. Wissentlich sollte dies nur f\u00fcr einen eingeloggten User bzw. Autor wie mich zutreffen.<\/p>\n<p>mail:<\/p>\n<p>admin <em><strong>at<\/strong><\/em> hman-projects.de<\/p>\n<p>Weitere Webseiten:<\/p>\n<p>www.hman-projects.de<\/p>\n<p>www.mail-heinemann.de<\/p>\n<\/div>\n","protected":false},"excerpt":{"rendered":"<p>Das Copyright s\u00e4mtlicher Inhalte auf \u201cwww.hman-projects.de\u201d und &#8222;www.mail-heinemann&#8220; liegt \u2013 sofern nicht anders angegeben bei mir. Diese Webpages sind PRIVAT und der Inhalt sofern nicht anders angegeben als Jugendfrei klassifiziert. Abbildungen und Photos wurden f\u00fcr die Darstellung auf dieser Webpage zur Verf\u00fcgung gestellt, oder werden mit einem Hinweis zum Urheber angemerkt (z.B. bei Produktphotos). Eine [&hellip;]<\/p>\n","protected":false},"author":1,"featured_media":0,"parent":0,"menu_order":0,"comment_status":"open","ping_status":"open","template":"","meta":{"footnotes":""},"class_list":["post-2","page","type-page","status-publish","hentry"],"_links":{"self":[{"href":"https:\/\/www.hman-projects.de\/index.php?rest_route=\/wp\/v2\/pages\/2"}],"collection":[{"href":"https:\/\/www.hman-projects.de\/index.php?rest_route=\/wp\/v2\/pages"}],"about":[{"href":"https:\/\/www.hman-projects.de\/index.php?rest_route=\/wp\/v2\/types\/page"}],"author":[{"embeddable":true,"href":"https:\/\/www.hman-projects.de\/index.php?rest_route=\/wp\/v2\/users\/1"}],"replies":[{"embeddable":true,"href":"https:\/\/www.hman-projects.de\/index.php?rest_route=%2Fwp%2Fv2%2Fcomments&post=2"}],"version-history":[{"count":8,"href":"https:\/\/www.hman-projects.de\/index.php?rest_route=\/wp\/v2\/pages\/2\/revisions"}],"predecessor-version":[{"id":429,"href":"https:\/\/www.hman-projects.de\/index.php?rest_route=\/wp\/v2\/pages\/2\/revisions\/429"}],"wp:attachment":[{"href":"https:\/\/www.hman-projects.de\/index.php?rest_route=%2Fwp%2Fv2%2Fmedia&parent=2"}],"curies":[{"name":"wp","href":"https:\/\/api.w.org\/{rel}","templated":true}]}}